{"id":64,"date":"2017-11-21T09:34:41","date_gmt":"2017-11-21T08:34:41","guid":{"rendered":"http:\/\/ucernehoberana.cz\/?page_id=64"},"modified":"2023-12-21T12:37:15","modified_gmt":"2023-12-21T11:37:15","slug":"kontakty","status":"publish","type":"page","link":"https:\/\/ucernehoberana.cz\/index.php\/kontakty\/","title":{"rendered":"Kontakty"},"content":{"rendered":"<div class=\"entry-content clearfix\">\n<p>&nbsp;<\/p>\n<p><strong>Chalupa U \u010cern\u00e9ho Berana<\/strong><\/p>\n<p>Horn\u00ed \u010cern\u00e1 Studnice \u010d.e. 147<\/p>\n<p>46821&nbsp; Nov\u00e1 Ves nad Nisou<\/p>\n<p>&nbsp;<\/p>\n<p><strong>Chata U \u010cern\u00e9ho Berana<\/strong><\/p>\n<p>Horn\u00ed \u010cern\u00e1 Studnice \u010d.p. 62<\/p>\n<p>46821&nbsp; Nov\u00e1 Ves nad Nisou<\/p>\n<p>&nbsp;<\/p>\n<p><strong>Telefon na majitele<\/strong><\/p>\n<p>+420&nbsp;602&nbsp;367&nbsp;804<\/p>\n<p>&nbsp;<\/p>\n<p><strong>Informace a objedn\u00e1vky<\/strong><\/p>\n<p><a href=\"mailto:objednavky@ucernehoberana.cz\">info@ucernehoberana.cz<\/a><\/p>\n<p><a href=\"mailto:objednavky@ucernehoberana.cz\">objednavky@ucernehoberana.cz<\/a><\/p>\n<p>&nbsp;<\/p>\n<p><strong>Bankovn\u00ed \u00fa\u010det<\/strong><\/p>\n<p>705340363\/0300<\/p>\n<\/div>\n","protected":false},"excerpt":{"rendered":"<p>&nbsp; Chalupa U \u010cern\u00e9ho Berana Horn\u00ed \u010cern\u00e1 Studnice \u010d.e. 147 46821&nbsp; Nov\u00e1 Ves nad Nisou &nbsp; Chata U \u010cern\u00e9ho Berana Horn\u00ed \u010cern\u00e1 Studnice \u010d.p. 62 46821&nbsp; Nov\u00e1 Ves nad Nisou<\/p>\n","protected":false},"author":1,"featured_media":0,"parent":0,"menu_order":0,"comment_status":"closed","ping_status":"closed","template":"","meta":{"ngg_post_thumbnail":0,"footnotes":""},"class_list":["post-64","page","type-page","status-publish","hentry"],"_links":{"self":[{"href":"https:\/\/ucernehoberana.cz\/index.php\/wp-json\/wp\/v2\/pages\/64"}],"collection":[{"href":"https:\/\/ucernehoberana.cz\/index.php\/wp-json\/wp\/v2\/pages"}],"about":[{"href":"https:\/\/ucernehoberana.cz\/index.php\/wp-json\/wp\/v2\/types\/page"}],"author":[{"embeddable":true,"href":"https:\/\/ucernehoberana.cz\/index.php\/wp-json\/wp\/v2\/users\/1"}],"replies":[{"embeddable":true,"href":"https:\/\/ucernehoberana.cz\/index.php\/wp-json\/wp\/v2\/comments?post=64"}],"version-history":[{"count":6,"href":"https:\/\/ucernehoberana.cz\/index.php\/wp-json\/wp\/v2\/pages\/64\/revisions"}],"predecessor-version":[{"id":707,"href":"https:\/\/ucernehoberana.cz\/index.php\/wp-json\/wp\/v2\/pages\/64\/revisions\/707"}],"wp:attachment":[{"href":"https:\/\/ucernehoberana.cz\/index.php\/wp-json\/wp\/v2\/media?parent=64"}],"curies":[{"name":"wp","href":"https:\/\/api.w.org\/{rel}","templated":true}]}}