{"id":611,"date":"2019-09-10T13:23:59","date_gmt":"2019-09-10T11:23:59","guid":{"rendered":"http:\/\/ucernehoberana.cz\/?page_id=611"},"modified":"2019-09-10T13:23:59","modified_gmt":"2019-09-10T11:23:59","slug":"drevena-koliba","status":"publish","type":"page","link":"https:\/\/ucernehoberana.cz\/index.php\/drevena-koliba\/","title":{"rendered":"D\u0159ev\u011bn\u00e1 koliba"},"content":{"rendered":"\n<p>D\u0159ev\u011bn\u00e1 koliba je sou\u010d\u00e1st\u00ed are\u00e1lu U \u010cern\u00e9ho Berana a vyu\u017e\u00edv\u00e1 se jako kryt\u00e9 posezen\u00ed v letn\u00edch m\u011bs\u00edc\u00edch. D\u00e1 se objednat po domluv\u011b pro po\u0159\u00e1d\u00e1n\u00ed akc\u00ed jako jsou svatby, v\u011bt\u0161\u00ed oslavy, nebo pro posezen\u00ed p\u0159\u00e1tel.<\/p>\n\n\n\n<p>V zimn\u00edch m\u011bs\u00edc\u00edch pak slou\u017e\u00ed jako gar\u00e1\u017e a \u00faschovna.<\/p>\n\n\n\n<p><\/p>\n\n\n\nngg_shortcode_0_placeholder\n","protected":false},"excerpt":{"rendered":"<p>D\u0159ev\u011bn\u00e1 koliba je sou\u010d\u00e1st\u00ed are\u00e1lu U \u010cern\u00e9ho Berana a vyu\u017e\u00edv\u00e1 se jako kryt\u00e9 posezen\u00ed v letn\u00edch m\u011bs\u00edc\u00edch. D\u00e1 se objednat po domluv\u011b pro po\u0159\u00e1d\u00e1n\u00ed akc\u00ed jako jsou svatby, v\u011bt\u0161\u00ed oslavy,<\/p>\n","protected":false},"author":1,"featured_media":0,"parent":0,"menu_order":0,"comment_status":"closed","ping_status":"closed","template":"","meta":{"ngg_post_thumbnail":0,"footnotes":""},"class_list":["post-611","page","type-page","status-publish","hentry"],"_links":{"self":[{"href":"https:\/\/ucernehoberana.cz\/index.php\/wp-json\/wp\/v2\/pages\/611"}],"collection":[{"href":"https:\/\/ucernehoberana.cz\/index.php\/wp-json\/wp\/v2\/pages"}],"about":[{"href":"https:\/\/ucernehoberana.cz\/index.php\/wp-json\/wp\/v2\/types\/page"}],"author":[{"embeddable":true,"href":"https:\/\/ucernehoberana.cz\/index.php\/wp-json\/wp\/v2\/users\/1"}],"replies":[{"embeddable":true,"href":"https:\/\/ucernehoberana.cz\/index.php\/wp-json\/wp\/v2\/comments?post=611"}],"version-history":[{"count":1,"href":"https:\/\/ucernehoberana.cz\/index.php\/wp-json\/wp\/v2\/pages\/611\/revisions"}],"predecessor-version":[{"id":614,"href":"https:\/\/ucernehoberana.cz\/index.php\/wp-json\/wp\/v2\/pages\/611\/revisions\/614"}],"wp:attachment":[{"href":"https:\/\/ucernehoberana.cz\/index.php\/wp-json\/wp\/v2\/media?parent=611"}],"curies":[{"name":"wp","href":"https:\/\/api.w.org\/{rel}","templated":true}]}}