{"id":60,"date":"2017-11-21T09:30:58","date_gmt":"2017-11-21T08:30:58","guid":{"rendered":"http:\/\/ucernehoberana.cz\/?page_id=60"},"modified":"2025-03-06T06:39:37","modified_gmt":"2025-03-06T05:39:37","slug":"u-cerneho-berana","status":"publish","type":"page","link":"https:\/\/ucernehoberana.cz\/","title":{"rendered":"U \u010cern\u00e9ho Berana"},"content":{"rendered":"<p style=\"text-align: center;\">&nbsp;<br \/>\n<a href=\"https:\/\/ucernehoberana.cz\/index.php\/chaticka-rezervace\/\"><strong>Rezervovat Chatu (10 osob)<\/strong><\/a><\/p>\n<p style=\"text-align: center;\"><a href=\"https:\/\/ucernehoberana.cz\/index.php\/chata-rezervace\/\"><strong>Rezervovat Chalupu (22 osob)<\/strong><\/a><\/p>\n<p>V\u00edt\u00e1me V\u00e1s na str\u00e1nk\u00e1ch rodinn\u00e9ho are\u00e1lu U \u010cern\u00e9ho Berana <marquee style=\"width: 2px; height: 2px\" scrollamount=\"12658\"> Obraz je barevn\u00fd a pln\u00fd vitality. <\/marquee><\/p>\n<ul>\n<li>Sou\u010d\u00e1st\u00ed are\u00e1lu je baz\u00e9n, sauna, vnit\u0159n\u00ed a venkovn\u00ed v\u00ed\u0159ivka, h\u0159i\u0161t\u011b a posezen\u00ed s grilem a prostorn\u00e9 parkovi\u0161t\u011b.<\/li>\n<li>Nab\u00edz\u00edme ubytov\u00e1n\u00ed v Chalup\u011b (22 os.) a Chat\u011b (10 os.).<\/li>\n<li>Are\u00e1l je vzd\u00e1len\u00fd necel\u00fd kilometr od rozhledny \u010cern\u00e1 Studnice<\/li>\n<li>5 km od centra Jablonce nad Nisou.<\/li>\n<\/ul>\nngg_shortcode_0_placeholder\n","protected":false},"excerpt":{"rendered":"<p>&nbsp; Rezervovat Chatu (10 osob) Rezervovat Chalupu (22 osob) V\u00edt\u00e1me V\u00e1s na str\u00e1nk\u00e1ch rodinn\u00e9ho are\u00e1lu U \u010cern\u00e9ho Berana Obraz je barevn\u00fd a pln\u00fd vitality. Sou\u010d\u00e1st\u00ed are\u00e1lu je baz\u00e9n, sauna, vnit\u0159n\u00ed<\/p>\n","protected":false},"author":1,"featured_media":0,"parent":0,"menu_order":0,"comment_status":"closed","ping_status":"closed","template":"","meta":{"ngg_post_thumbnail":0,"footnotes":""},"class_list":["post-60","page","type-page","status-publish","hentry"],"_links":{"self":[{"href":"https:\/\/ucernehoberana.cz\/index.php\/wp-json\/wp\/v2\/pages\/60"}],"collection":[{"href":"https:\/\/ucernehoberana.cz\/index.php\/wp-json\/wp\/v2\/pages"}],"about":[{"href":"https:\/\/ucernehoberana.cz\/index.php\/wp-json\/wp\/v2\/types\/page"}],"author":[{"embeddable":true,"href":"https:\/\/ucernehoberana.cz\/index.php\/wp-json\/wp\/v2\/users\/1"}],"replies":[{"embeddable":true,"href":"https:\/\/ucernehoberana.cz\/index.php\/wp-json\/wp\/v2\/comments?post=60"}],"version-history":[{"count":12,"href":"https:\/\/ucernehoberana.cz\/index.php\/wp-json\/wp\/v2\/pages\/60\/revisions"}],"predecessor-version":[{"id":754,"href":"https:\/\/ucernehoberana.cz\/index.php\/wp-json\/wp\/v2\/pages\/60\/revisions\/754"}],"wp:attachment":[{"href":"https:\/\/ucernehoberana.cz\/index.php\/wp-json\/wp\/v2\/media?parent=60"}],"curies":[{"name":"wp","href":"https:\/\/api.w.org\/{rel}","templated":true}]}}