{"id":568,"date":"2019-07-31T07:02:16","date_gmt":"2019-07-31T05:02:16","guid":{"rendered":"http:\/\/ucernehoberana.cz\/?page_id=568"},"modified":"2024-09-08T21:41:12","modified_gmt":"2024-09-08T19:41:12","slug":"provozni-rad-bazenu","status":"publish","type":"page","link":"https:\/\/ucernehoberana.cz\/index.php\/provozni-rad-bazenu\/","title":{"rendered":"Provozn\u00ed \u0159\u00e1d baz\u00e9nu"},"content":{"rendered":"<p>Prostor baz\u00e9nu je otev\u0159en denn\u011b od 9:00 do 21:00. Mimo tyto hodiny je mo\u017en\u00e9 se domluvit s majitelem.<\/p>\n<p><strong>Je ZAK\u00c1Z\u00c1NO<\/strong><\/p>\n<ul>\n<li>&nbsp;SK\u00c1K\u00c1N\u00cd do baz\u00e9nu a v baz\u00e9nu<\/li>\n<li>&nbsp;Vodit do prostoru baz\u00e9nu psy<\/li>\n<li>&nbsp;Kou\u0159en\u00ed<\/li>\n<li>&nbsp;Konzumace alkoholu, nebo jin\u00fdch omamn\u00fdch l\u00e1tek<\/li>\n<li>&nbsp;Nosit do prostoru baz\u00e9nu sklenice, n\u00e1dob\u00ed, nebo lahve, nebo ostr\u00e9 p\u0159edm\u011bty<\/li>\n<li>Ohro\u017eovat sv\u00fdm jedn\u00e1n\u00edm a chov\u00e1n\u00edm bezpe\u010dnost svoji i ostatn\u00edch n\u00e1v\u0161t\u011bvn\u00edk\u016f: vz\u00e1jemn\u011b se pot\u00e1p\u011bt, sr\u00e1\u017eet a h\u00e1zet do vody, pob\u00edhat po ochozu baz\u00e9nu<\/li>\n<\/ul>\n<p>D\u011bkujeme, \u017ee<\/p>\n<ul>\n<li>dohl\u00ed\u017e\u00edte na sv\u00e9 d\u011bti, odpov\u011bdnost za n\u011b nesete vy<\/li>\n<li>nevyu\u017e\u00edv\u00e1te baz\u00e9n, pokud nejste ubytovan\u00ed<\/li>\n<li>nepo\u0161kozujete vybaven\u00ed baz\u00e9nu<\/li>\n<li>zji\u0161t\u011bn\u00e9 z\u00e1vady budete hl\u00e1sit majiteli osobn\u011b, nebo telefonicky<\/li>\n<li>dodr\u017eujete provozn\u00ed \u0159\u00e1d.<\/li>\n<\/ul>\n<p>&nbsp;<\/p>\n<p><strong>V\u0161eobecn\u00e9 podm\u00ednky provozu baz\u00e9nu<\/strong><\/p>\n<p>&nbsp;<\/p>\n<ul>\n<li>Tyto z\u00e1sady pr\u016fb\u011b\u017en\u011b vznikaj\u00ed na z\u00e1klad\u011b doporu\u010den\u00ed v\u00fdrobc\u016f vodn\u00edch atrakc\u00ed, jejich dodavatel\u016f a d\u00e1le na z\u00e1klad\u011b zku\u0161enost\u00ed provozovatel\u016f obdobn\u00fdch plaveck\u00fdch are\u00e1l\u016f. Jedn\u00e1 se tedy o v\u00fd\u010det z\u00e1kladn\u00edch bezpe\u010dnostn\u00edch pravidel, nicm\u00e9n\u011b zde hraje svou v\u00fdznamnou roli uv\u00e1\u017elivost n\u00e1v\u0161t\u011bvn\u00edk\u016f-po\u010d\u00ednat si p\u0159i u\u017e\u00edv\u00e1n\u00ed vodn\u00edch atrakc\u00ed tak, aby neohrozili \u017eivot sv\u016fj nebo ostatn\u00edch n\u00e1v\u0161t\u011bvn\u00edk\u016f.<\/li>\n<li>Dle paragrafu 19 odst. 3 Vyhl\u00e1\u0161ky 238\/2011 Sb. nemaj\u00ed do vody baz\u00e9n\u016f a vodn\u00edch atrakc\u00ed p\u0159\u00edstup osoby trp\u00edc\u00ed p\u0159enosn\u00fdmi vlasov\u00fdmi nebo ko\u017en\u00edmi chorobami, pop\u0159. jin\u00fdmi p\u0159enosn\u00fdmi chorobami, u kter\u00fdch existuje mo\u017enost p\u0159enosu vodou nebo kontaktem, d\u00e1le osoby zahmyzen\u00e9 a osoby zjevn\u011b pod vlivem alkoholu nebo psychotropn\u00edch l\u00e1tek.D\u00e1le do baz\u00e9n\u016f nemaj\u00ed p\u0159\u00edstup d\u011bti do 1 roku v\u011bku; d\u011bti ve v\u011bku 1 a\u017e 3 let mohou do baz\u00e9nu pouze v plavk\u00e1ch s p\u0159il\u00e9havou gumou kolem nohou, neur\u010d\u00ed-li provozovatel baz\u00e9nu jinak.<\/li>\n<li>V are\u00e1lu je zak\u00e1z\u00e1no ohro\u017eovat sv\u00fdm jedn\u00e1n\u00edm a chov\u00e1n\u00edm bezpe\u010dnost svoji i ostatn\u00edch n\u00e1v\u0161t\u011bvn\u00edk\u016f: je zak\u00e1z\u00e1no vz\u00e1jemn\u011b se pot\u00e1p\u011bt, sr\u00e1\u017eet a h\u00e1zet do vody, pob\u00edhat po ochozu baz\u00e9nu (vzhledem k mo\u017enosti uklouznut\u00ed, sk\u00e1kat do vody v m\u00edstech, kde je to zak\u00e1z\u00e1no).<\/li>\n<li>Je zak\u00e1z\u00e1no vn\u00e1\u0161et do baz\u00e9nov\u00e9 haly ostr\u00e9 p\u0159edm\u011bty, sklen\u011bn\u00e9 p\u0159edm\u011bty (jehly, \u0161pendl\u00edky, hol\u00edc\u00edch \u010depelky, injek\u010dn\u00ed st\u0159\u00edka\u010dky a jin\u00fdch p\u0159edm\u011bty ohro\u017euj\u00edc\u00ed bezpe\u010dnost n\u00e1v\u0161t\u011bvn\u00edk\u016f) kter\u00e9 mohou zp\u016fsobit zran\u011bn\u00ed, \u010di po\u0161kodit vybaven\u00ed are\u00e1lu, tot\u00e9\u017e plat\u00ed o p\u0159edm\u011btech osobn\u00ed pot\u0159eby n\u00e1v\u0161t\u011bvn\u00edk\u016f, kde m\u016f\u017ee ne\u00famysln\u011b doj\u00edt ke zran\u011bn\u00ed \u010di po\u0161kozen\u00ed vybaven\u00ed are\u00e1lu.&nbsp;<\/li>\n<li>Do baz\u00e9nu nen\u00ed povoleno vstupovat se \u017ev\u00fdka\u010dkou, bonbonem \u010di jin\u00fdm p\u0159edm\u011btem v puse, kter\u00fd by mohl b\u00fdt n\u00e1v\u0161t\u011bvn\u00edkem vdechnut.<\/li>\n<li>Za poran\u011bn\u00ed a \u00farazy, kter\u00e9 si n\u00e1v\u0161t\u011bvn\u00edci zp\u016fsob\u00ed vlastn\u00ed neopatrnost\u00ed, nebo nedodr\u017eov\u00e1n\u00edm \u010di poru\u0161en\u00edm t\u011bchto z\u00e1sad, nenese provozovatel ani majitel odpov\u011bdnost.<\/li>\n<li>Nemocn\u00e9 osoby a nap\u0159\u00edklad t\u011bhotn\u00e9 \u017eeny by m\u011bly zv\u00e1\u017eit vhodnost n\u00e1v\u0161t\u011bvy v\u00ed\u0159iv\u00e9 vany. V p\u0159\u00edpad\u011b pochybnost\u00ed je nutn\u00e9 konzultovat vhodnost s o\u0161et\u0159uj\u00edc\u00edm l\u00e9ka\u0159em. N\u011bkter\u00e9 \u010d\u00e1sti wellness jsou pro t\u011bhotnou \u017eenu nevhodn\u00e9, vysok\u00e9 teploty by mohly v\u00e9st k po\u0161kozen\u00ed plodu.&nbsp;<\/li>\n<li>N\u00e1v\u0161t\u011bvn\u00edci se mus\u00ed ve vlastn\u00edm z\u00e1jmu pohybovat na mokr\u00fdch ploch\u00e1ch opatrn\u011b a p\u0159edch\u00e1zet tak p\u0159\u00edpadn\u00fdm \u00faraz\u016fm, nebo\u0165 provozovatel nenese odpov\u011bdnost za \u0161kody zp\u016fsoben\u00e9 nepozornost\u00ed, nek\u00e1zn\u00ed a nedodr\u017eov\u00e1n\u00edm N\u00e1v\u0161t\u011bvn\u00edho \u0159\u00e1du.<\/li>\n<li>Baz\u00e9n nen\u00ed ur\u010den pro samostatn\u00e9 pou\u017e\u00edv\u00e1n\u00ed osobami (v\u010detn\u011b d\u011bt\u00ed), jim\u017e fyzick\u00e1, smyslov\u00e1 nebo ment\u00e1ln\u00ed neschopnost \u010di nedostatek zku\u0161enost\u00ed a znalost\u00ed zabra\u0148uje v bezpe\u010dn\u00e9m pou\u017e\u00edv\u00e1n\u00ed. Tyto osoby sm\u011bj\u00ed baz\u00e9n pou\u017e\u00edvat pouze pod dohledem a plnou zodpov\u011bdnost\u00ed odpov\u011bdn\u00e9 osoby.<\/li>\n<li>Do baz\u00e9nu nemaj\u00ed p\u0159\u00edstup osoby trp\u00edc\u00ed vlasov\u00fdmi, ko\u017en\u00edmi nebo jin\u00fdmi p\u0159enosn\u00fdmi chorobami, osoby zahmyzen\u00e9, osoby zjevn\u011b pod vlivem alkoholu a jin\u00fdch n\u00e1vykov\u00fdch l\u00e1tek a d\u011bti do v\u011bku jednoho roku. D\u011bti ve v\u011bku 1-3 let mohou do baz\u00e9nu pouze v plave\u010dk\u00e1ch s p\u0159il\u00e9havou gumi\u010dkou kolem nohou, neur\u010d\u00ed-li provozovatel baz\u00e9nu jinak.<\/li>\n<li>Za d\u011bti ru\u010d\u00ed rodi\u010de, odpov\u011bdn\u00fd z\u00e1stupce \u010di jin\u00e1 dosp\u011bl\u00e1 osoba, kter\u00e1 je povinna zajistit trval\u00fd dozor nad sv\u011b\u0159enou osobou v cel\u00e9m are\u00e1lu, v prostoru baz\u00e9nu. Dodr\u017eujte doporu\u010denou v\u011bkovou a v\u00e1hovou kategorii u jednotliv\u00fdch atrakc\u00ed. Dbejte na to, aby d\u011bti byly uk\u00e1zn\u011bn\u00e9 a aby neohro\u017eovaly ostatn\u00ed ani sami sebe.<\/li>\n<li>&nbsp;O pou\u017eit\u00ed z\u00e1bavn\u00fdch p\u0159edm\u011bt\u016f (m\u00ed\u010de, r\u016fzn\u00e9 plovac\u00ed a nafukovac\u00ed pom\u016fcky) ploutv\u00ed, br\u00fdl\u00ed v jednotliv\u00fdch baz\u00e9nech rozhodne odpov\u011bdn\u00fd dohl\u00ed\u017eej\u00edc\u00ed person\u00e1l podle moment\u00e1ln\u00edho po\u010dtu n\u00e1v\u0161t\u011bvn\u00edk\u016f.<\/li>\n<li>Z\u00e1kaz vol\u00e1n\u00ed o pomoc bez p\u0159\u00ed\u010diny.<\/li>\n<li>Z\u00e1kaz neopr\u00e1vn\u011bn\u011b pou\u017e\u00edvat z\u00e1chrann\u00e9 za\u0159\u00edzen\u00ed a p\u0159edm\u011bty prvn\u00ed pomoci.<\/li>\n<li>Z\u00e1kaz vstupu do prostor ur\u010den\u00fdch pouze pro person\u00e1l nebo do prostor ur\u010den\u00fdch v\u00fdhradn\u011b pro druh\u00e9 pohlav\u00ed bez doprovodu person\u00e1lu.<\/li>\n<li>Je zak\u00e1z\u00e1no kou\u0159en\u00ed, b\u011bh\u00e1n\u00ed, st\u0159\u00edh\u00e1n\u00ed vlas\u016f, vous\u016f, neht\u016f a prov\u00e1d\u011bn\u00ed pedik\u016fry. K\u0159i\u010det, p\u00edskat, d\u011blat zbyte\u010dn\u00fd hluk, b\u011bhat (nebezpe\u010d\u00ed \u00farazu p\u0159i uklouznut\u00ed), vz\u00e1jemn\u011b se pot\u00e1p\u011bt a sr\u00e1\u017eet druh\u00e9 osoby.<\/li>\n<li>&nbsp;Plivat na podlahu a do vody, mo\u010dit do baz\u00e9nu, odhazovat odpadky a jakkoli zne\u010di\u0161\u0165ovat prostory are\u00e1lu.<\/li>\n<li>&nbsp;Pran\u00ed pr\u00e1dla a myt\u00ed m\u00fddlem mimo vyhrazen\u00e9 prostory.<\/li>\n<li>Pou\u017e\u00edv\u00e1n\u00ed soukrom\u00fdch va\u0159i\u010d\u016f a jejich don\u00e1\u0161ka do are\u00e1lu<\/li>\n<li>Je zak\u00e1z\u00e1no zne\u010di\u0161\u0165ovat baz\u00e9n a p\u0159ilehl\u00e9 prostory jak\u00fdmkoliv zp\u016fsobem.<\/li>\n<li>Ka\u017ed\u00fd n\u00e1v\u0161t\u011bvn\u00edk je povinen \u0161et\u0159it za\u0159\u00edzen\u00ed prostoru are\u00e1lu, \u0161et\u0159it teplou i studenou vodu a energiemi.<\/li>\n<li>Provozovatel neru\u010d\u00ed za zaparkovan\u00e1 vozidla na parkovi\u0161ti, za odlo\u017een\u00e1 kola a za v\u011bci ponechan\u00e9 v ko\u010d\u00e1rc\u00edch mimo uzam\u010den\u00e9 prostory.<\/li>\n<\/ul>\n<p>&nbsp;<\/p>\n<h3>VSTUP DO PROSTORU BAZ\u00c9NU<\/h3>\n<ul>\n<li>Vstup je dovolen pouze v provozn\u00ed dob\u011b.<\/li>\n<li>D\u011btem do 12 let je povolen vstup pouze v doprovodu dosp\u011bl\u00e9 osoby, star\u0161\u00ed 18 let.<\/li>\n<\/ul>\n<h3>VYK\u00c1Z\u00c1N\u00cd Z&nbsp;N\u00c1V\u0160T\u011aVY BAZ\u00c9NU<\/h3>\n<ul>\n<li>Do prostor are\u00e1lu maj\u00ed zak\u00e1z\u00e1n p\u0159\u00edstup v\u0161echny osoby, kter\u00e9 jsou posti\u017eeny jakoukoliv nemoc\u00ed, ohro\u017euj\u00edc\u00ed zdrav\u00ed ostatn\u00edch n\u00e1v\u0161t\u011bvn\u00edk\u016f. Tj. osoby posti\u017een\u00e9 hore\u010dkou, ka\u0161lem, z\u00e1n\u011btem o\u010dn\u00edch spojivek, osoby s naka\u017eliv\u00fdm chorobami, bacilonosi\u010di st\u0159evn\u00edch a jin\u00fdch chorob.<br>Osoby posti\u017een\u00e9 naka\u017elivou infek\u010dn\u00ed chorobou, kter\u00e1 nen\u00ed od rodiny izolov\u00e1na, osoby posti\u017een\u00e9 chorobami prov\u00e1zen\u00e9 v\u00fdtokem, osoby s ko\u017en\u00edmi parazity a vyr\u00e1\u017ekami, obvazy na t\u011ble a rovn\u011b\u017e osoby ne\u010dist\u00e9 a v ne\u010dist\u00e9m od\u011bvu, zahmyzen\u00e9.<\/li>\n<li>Z\u00e1kaz vstupu plat\u00ed pro osoby pod vlivem alkoholu, drog a jin\u00fdch omamn\u00fdch l\u00e1tek.<\/li>\n<li>Vstup do are\u00e1lu m\u016f\u017ee b\u00fdt odep\u0159en osob\u00e1m, jejich\u017e n\u00e1v\u0161t\u011bva by mohla prokazateln\u011b naru\u0161it po\u0159\u00e1dek, bezpe\u010dnost a \u010distotu are\u00e1lu a jejich chov\u00e1n\u00ed je v rozporu s mravn\u00edmi a spole\u010densk\u00fdmi z\u00e1sadami.<br>Z prostoru are\u00e1lu m\u016f\u017ee b\u00fdt vyk\u00e1z\u00e1n bez vr\u00e1cen\u00ed vstupn\u00e9ho n\u00e1v\u0161t\u011bvn\u00edk, kter\u00fd p\u0159es napomenut\u00ed p\u0159estoup\u00ed ustanoven\u00ed tohoto N\u00e1v\u0161t\u011bvn\u00edho \u0159\u00e1du, nebo neuposlechne pokyn\u016f odpov\u011bdn\u00fdch pracovn\u00edk\u016f. V krajn\u00edm p\u0159\u00edpad\u011b, podle povahy p\u0159estupku, m\u016f\u017ee spr\u00e1va are\u00e1lu po\u017e\u00e1dat o zakro\u010den\u00ed p\u0159\u00edslu\u0161n\u00e9 bezpe\u010dnostn\u00ed org\u00e1ny.<\/li>\n<li>P\u0159i jak\u00e9mkoli poru\u0161en\u00ed provozn\u00edho r\u00e1du baz\u00e9nu m\u00e1 obsluha pr\u00e1vo n\u00e1v\u0161t\u011bvn\u00edka vyk\u00e1zat a to bez poskytnut\u00ed jak\u00e9koli kompenzace.<\/li>\n<\/ul>\n<h3>PROVOZN\u00cd POKYNY PRO N\u00c1V\u0160T\u011aVN\u00cdKY<\/h3>\n<ul>\n<li>N\u00e1v\u0161t\u011bvn\u00edci mus\u00ed dodr\u017eovat provozn\u00ed dobu, mimo tuto dobu nen\u00ed dovoleno v prostor\u00e1ch pob\u00fdvat.<\/li>\n<li>V\u0161ichni n\u00e1v\u0161t\u011bvn\u00edci jsou povinni p\u0159ed vstupem do baz\u00e9nu pou\u017e\u00edt WC, d\u016fkladn\u011b se um\u00fdt m\u00fddlem bez plavek a pot\u00e9 m\u00fddlo pe\u010dliv\u011b sm\u00fdt. Po ka\u017ed\u00e9m pou\u017eit\u00ed WC se n\u00e1v\u0161t\u011bvn\u00edci p\u0159ed vstupem do baz\u00e9nu \u0159\u00e1dn\u011b osprchuj\u00ed.<\/li>\n<li>N\u00e1v\u0161t\u011bvn\u00edci baz\u00e9nu pou\u017e\u00edvaj\u00ed vlastn\u00ed plavky, kter\u00e9 mus\u00ed b\u00fdt \u010dist\u00e9. V tren\u00fdrk\u00e1ch, kra\u0165asech, spodn\u00edm pr\u00e1dle a jin\u00e9m oble\u010den\u00ed, kter\u00e9 nen\u00ed v\u00fdlu\u010dn\u011b ur\u010den\u00e9 ke koup\u00e1n\u00ed, je z\u00e1sadn\u011b vstup do baz\u00e9n\u016f zak\u00e1z\u00e1n.<\/li>\n<li>N\u00e1v\u0161t\u011bvn\u00edk\u016fm v plavk\u00e1ch nen\u00ed dovoleno pohybovat se mimo koupac\u00ed \u010dist\u00fd prostor are\u00e1lu.<\/li>\n<li>N\u00e1v\u0161t\u011bvn\u00edci jsou povinni chovat se \u0161etrn\u011b k za\u0159\u00edzen\u00ed a vybaven\u00ed are\u00e1lu a \u0161et\u0159it vodou.<\/li>\n<li>Ka\u017ed\u00fd n\u00e1v\u0161t\u011bvn\u00edk je povinen uhradit ztr\u00e1ty a \u0161kody j\u00edm zp\u016fsoben\u00e9.<br>V\u0161ichni n\u00e1v\u0161t\u011bvn\u00edci mus\u00ed db\u00e1t o co nejv\u011bt\u0161\u00ed \u010distotu, neobt\u011b\u017eovat sv\u00fdm jedn\u00e1n\u00edm ostatn\u00ed n\u00e1v\u0161t\u011bvn\u00edky a db\u00e1t o osobn\u00ed bezpe\u010dnost.<br>Pokud n\u00e1v\u0161t\u011bvn\u00edk zp\u016fsob\u00ed druh\u00e9 osob\u011b \u00fajmu na zdrav\u00ed nebo na majetku nerespektov\u00e1n\u00edm N\u00e1v\u0161t\u011bvn\u00edho \u0159\u00e1du nebo poru\u0161en\u00edm jin\u00e9 pr\u00e1vn\u00ed povinnosti, nese za sv\u00e9 jedn\u00e1n\u00ed plnou odpov\u011bdnost, v\u010detn\u011b povinnosti od\u0161kodn\u011bn\u00ed<\/li>\n<li>&nbsp;Za poran\u011bn\u00ed a \u00farazy, kter\u00e9 si n\u00e1v\u0161t\u011bvn\u00edk zp\u016fsob\u00ed vlastn\u00ed neopatrnost\u00ed nebo nedodr\u017een\u00edm tohoto \u0159\u00e1du, nebere provozovatel are\u00e1lu odpov\u011bdnost.<\/li>\n<li>Za sv\u00e9voln\u00e9 po\u0161kozen\u00ed a zne\u010di\u0161t\u011bn\u00ed za\u0159\u00edzen\u00ed, p\u0159\u00edpadn\u011b ztr\u00e1tu zap\u016fj\u010den\u00fdch p\u0159edm\u011bt\u016f je ka\u017ed\u00fd n\u00e1v\u0161t\u011bvn\u00edk osobn\u011b odpov\u011bdn\u00fd a je povinen uhradit zp\u016fsobenou \u0161kodu.<\/li>\n<li>Ka\u017ed\u00fd n\u00e1v\u0161t\u011bvn\u00edk je povinen bezpodm\u00edne\u010dn\u011b uposlechnout pokyn\u016f n\u00e1jemce.<\/li>\n<li>P\u0159edm\u011bty nalezen\u00e9 v are\u00e1lu je n\u00e1lezce povinen odevzdat odpov\u011bdn\u00e9 osob\u011b.<\/li>\n<\/ul>\n<ul>\n<li>Po dopadu do vody je nutno ihned opustit prostor dojezdu<br>m\u00edsto dojezdu neslou\u017e\u00ed k plav\u00e1n\u00ed ani k jin\u00fdm \u00fa\u010del\u016fm ani ke vstupu do tobog\u00e1nu.<\/li>\n<li>Tobog\u00e1n lze pou\u017e\u00edvat jen tehdy, proud\u00ed-li korytem voda.<\/li>\n<li>N\u00e1stup na tobog\u00e1n \u0159\u00edd\u00ed obsluha (plav\u010d\u00edk). Z bezpe\u010dnostn\u00edch d\u016fvod\u016f, aby nedo\u0161lo ke zran\u011bn\u00ed mezi u\u017eivateli tobog\u00e1nu, je povolena pouze j\u00edzda jednoho u\u017eivatele v koryt\u011b v dan\u00fd \u010das, to znamen\u00e1, \u017ee provozovatel mus\u00ed zabezpe\u010dit, aby n\u00e1sleduj\u00edc\u00ed u\u017eivatel mohl vstoupit na tobog\u00e1n a\u017e pot\u00e9, co p\u0159edch\u00e1zej\u00edc\u00ed u\u017eivatel tobog\u00e1n a m\u00edsto dojezdu bezpe\u010dn\u011b opustil.<\/li>\n<li>Je zak\u00e1z\u00e1no v koryt\u011b brzdit nebo zastavovat, sedat nebo vst\u00e1vat a br\u00e1nit tak v provozu ostatn\u00edm n\u00e1v\u0161t\u011bvn\u00edk\u016fm.<\/li>\n<li>P\u0159i nedodr\u017een\u00ed tohoto p\u0159edpisu vstup na vlastn\u00ed nebezpe\u010d\u00ed.<\/li>\n<li>Ka\u017ed\u00fd n\u00e1v\u0161t\u011bvn\u00edk je povinen uposlechnout pokyn\u016f obsluhy: neuposlechnut\u00ed m\u016f\u017ee m\u00edt za n\u00e1sledek a\u017e vylou\u010den\u00ed z are\u00e1lu bez vr\u00e1cen\u00ed vstupn\u00e9ho, p\u0159\u00edpadn\u011b p\u0159estupkov\u00e9 \u0159\u00edzen\u00ed. V\u0161echny ud\u00e1losti, v\u010detn\u011b nehod, ke kter\u00fdm dojde v souvislosti s pou\u017e\u00edv\u00e1n\u00edm skluzavky, mus\u00ed b\u00fdt zaprotokolov\u00e1ny, p\u0159ezkoum\u00e1ny a vyhodnoceny. Nehody je nutn\u00e9 p\u0159esn\u011b dokumentovat v\u010d. jm\u00e9na a adresy osoby, kter\u00e9 se nehoda stala, a sv\u011bdk\u016f a tak\u00e9 p\u0159esn\u00e9ho popisu pr\u016fb\u011bhu nehody.<\/li>\n<\/ul>\n<p><strong>Opalovac\u00ed terasa<\/strong><\/p>\n<ul>\n<li>Opalovac\u00ed terasa je otev\u0159ena pouze p\u0159i vhodn\u00e9m po\u010das\u00ed. D\u011bti do 12 let sm\u00ed na terasu pouze v doprovodu dosp\u011bl\u00e9 osoby star\u0161\u00ed 18ti let.<\/li>\n<li>P\u0159\u00edsn\u00fd z\u00e1kaz p\u0159el\u00e9z\u00e1n\u00ed z\u00e1bradl\u00ed, nebo lezen\u00ed po n\u011bm.<\/li>\n<li>Prostor opalovac\u00ed terasy je pod dohledem kamerov\u00e9ho syst\u00e9mu. V p\u0159\u00edpad\u011b zran\u011bn\u00ed \u010di \u00farazu neprodlen\u011b p\u0159ivolejte pomoc.<\/li>\n<\/ul>\n<h3>Z\u00c1V\u011aRE\u010cN\u00c1 USTANOVEN\u00cd<\/h3>\n<ul>\n<li>N\u00e1v\u0161t\u011bvn\u00edci jsou povinni \u0159\u00eddit se informa\u010dn\u00edmi a bezpe\u010dnostn\u00edmi tabulemi, um\u00edst\u011bn\u00fdmi v prostorech.<\/li>\n<li>N\u00e1v\u0161t\u011bvn\u00edk je povinen uposlechnout pokyn\u016f pracovn\u00edk\u016f are\u00e1lu.<\/li>\n<li>V p\u0159\u00edpad\u011b neuposlechnut\u00ed m\u016f\u017ee b\u00fdt vyk\u00e1z\u00e1n z are\u00e1lu bez vr\u00e1cen\u00ed vstupn\u00e9ho.<\/li>\n<li>Za zaji\u0161t\u011bn\u00ed prvn\u00ed pomoci na baz\u00e9nu a p\u0159\u00edpadn\u011b p\u0159ivol\u00e1n\u00ed l\u00e9ka\u0159sk\u00e9 pomoci odpov\u00edd\u00e1 odpov\u011bdn\u00e1 osoba.<\/li>\n<\/ul>\n\n\n<p><\/p>\n","protected":false},"excerpt":{"rendered":"<p>Prostor baz\u00e9nu je otev\u0159en denn\u011b od 9:00 do 21:00. Mimo tyto hodiny je mo\u017en\u00e9 se domluvit s majitelem. Je ZAK\u00c1Z\u00c1NO &nbsp;SK\u00c1K\u00c1N\u00cd do baz\u00e9nu a v baz\u00e9nu &nbsp;Vodit do prostoru baz\u00e9nu<\/p>\n","protected":false},"author":1,"featured_media":0,"parent":0,"menu_order":0,"comment_status":"closed","ping_status":"closed","template":"","meta":{"ngg_post_thumbnail":0,"footnotes":""},"class_list":["post-568","page","type-page","status-publish","hentry"],"_links":{"self":[{"href":"https:\/\/ucernehoberana.cz\/index.php\/wp-json\/wp\/v2\/pages\/568"}],"collection":[{"href":"https:\/\/ucernehoberana.cz\/index.php\/wp-json\/wp\/v2\/pages"}],"about":[{"href":"https:\/\/ucernehoberana.cz\/index.php\/wp-json\/wp\/v2\/types\/page"}],"author":[{"embeddable":true,"href":"https:\/\/ucernehoberana.cz\/index.php\/wp-json\/wp\/v2\/users\/1"}],"replies":[{"embeddable":true,"href":"https:\/\/ucernehoberana.cz\/index.php\/wp-json\/wp\/v2\/comments?post=568"}],"version-history":[{"count":6,"href":"https:\/\/ucernehoberana.cz\/index.php\/wp-json\/wp\/v2\/pages\/568\/revisions"}],"predecessor-version":[{"id":748,"href":"https:\/\/ucernehoberana.cz\/index.php\/wp-json\/wp\/v2\/pages\/568\/revisions\/748"}],"wp:attachment":[{"href":"https:\/\/ucernehoberana.cz\/index.php\/wp-json\/wp\/v2\/media?parent=568"}],"curies":[{"name":"wp","href":"https:\/\/api.w.org\/{rel}","templated":true}]}}