{"id":456,"date":"2019-01-08T13:07:34","date_gmt":"2019-01-08T12:07:34","guid":{"rendered":"http:\/\/ucernehoberana.cz\/?page_id=456"},"modified":"2021-02-02T08:44:55","modified_gmt":"2021-02-02T07:44:55","slug":"chaticka-rozdeleni-pokoju","status":"publish","type":"page","link":"https:\/\/ucernehoberana.cz\/index.php\/chaticka-rozdeleni-pokoju\/","title":{"rendered":"Chata &#8211; rozd\u011blen\u00ed pokoj\u016f"},"content":{"rendered":"\n<p><\/p>\n\n\n\n<p>Chata poskytuje mo\u017enost ubytov\u00e1n\u00ed pro 12 osob ve t\u0159ech pokoj\u00edch.  V  p\u0159\u00edzem\u00ed se nach\u00e1z\u00ed 2x koupelna se sprchov\u00fdm koutem a WC, 2x ob\u00fdv\u00e1k  (2x  krbov\u00e1 kamna, sedac\u00ed soupravy, TV), 2x kuchy\u0148 (3x lednice, 1x plynov\u00fd  spor\u00e1k, 1x elektrick\u00fd spor\u00e1k, trouba, 2x varn\u00e1 konvice,  mikrovlnn\u00e1  trouba, kuchy\u0148sk\u00e9 vybaven\u00ed.   <\/p>\n\n\n\n<p>Celkem je k dispozici 8 m\u00edst + 2 p\u0159ist\u00fdlky + d\u011btsk\u00e1 post\u00fdlka.<\/p>\n\n\n\n<p><strong>Rozd\u011blen\u00ed pokoj\u016f:<\/strong><\/p>\n\n\n\n<p>Pokoj \u010d. 1.: t\u0159\u00edl\u016f\u017ekov\u00fd &#8211; 1x dvoul\u016f\u017eko + 1x jednol\u016f\u017eko<\/p>\n\n\n\n<p>Pokoj \u010d. 2.: dvoul\u016f\u017ekov\u00fd &#8211; 1x dvoul\u016f\u017eko<\/p>\n\n\n\n<p>Pokoj \u010d. 3.: \u010dty\u0159l\u016f\u017ekov\u00fd &#8211; 1x dvoul\u016f\u017eko, 1x jednol\u016f\u017eko<\/p>\n\n\n\n<p>Mo\u017enost 2x p\u0159ist\u00fdlka &#8211; 1x ve t\u0159et\u00ed lo\u017enici, velk\u00fd gau\u010d v ob\u00fdv\u00e1ku<\/p>\n","protected":false},"excerpt":{"rendered":"<p>Chata poskytuje mo\u017enost ubytov\u00e1n\u00ed pro 12 osob ve t\u0159ech pokoj\u00edch. V p\u0159\u00edzem\u00ed se nach\u00e1z\u00ed 2x koupelna se sprchov\u00fdm koutem a WC, 2x ob\u00fdv\u00e1k (2x krbov\u00e1 kamna, sedac\u00ed soupravy, TV), 2x<\/p>\n","protected":false},"author":1,"featured_media":0,"parent":0,"menu_order":0,"comment_status":"closed","ping_status":"closed","template":"","meta":{"ngg_post_thumbnail":0,"footnotes":""},"class_list":["post-456","page","type-page","status-publish","hentry"],"_links":{"self":[{"href":"https:\/\/ucernehoberana.cz\/index.php\/wp-json\/wp\/v2\/pages\/456"}],"collection":[{"href":"https:\/\/ucernehoberana.cz\/index.php\/wp-json\/wp\/v2\/pages"}],"about":[{"href":"https:\/\/ucernehoberana.cz\/index.php\/wp-json\/wp\/v2\/types\/page"}],"author":[{"embeddable":true,"href":"https:\/\/ucernehoberana.cz\/index.php\/wp-json\/wp\/v2\/users\/1"}],"replies":[{"embeddable":true,"href":"https:\/\/ucernehoberana.cz\/index.php\/wp-json\/wp\/v2\/comments?post=456"}],"version-history":[{"count":5,"href":"https:\/\/ucernehoberana.cz\/index.php\/wp-json\/wp\/v2\/pages\/456\/revisions"}],"predecessor-version":[{"id":650,"href":"https:\/\/ucernehoberana.cz\/index.php\/wp-json\/wp\/v2\/pages\/456\/revisions\/650"}],"wp:attachment":[{"href":"https:\/\/ucernehoberana.cz\/index.php\/wp-json\/wp\/v2\/media?parent=456"}],"curies":[{"name":"wp","href":"https:\/\/api.w.org\/{rel}","templated":true}]}}