{"id":416,"date":"2019-01-05T19:13:15","date_gmt":"2019-01-05T18:13:15","guid":{"rendered":"http:\/\/ucernehoberana.cz\/?page_id=416"},"modified":"2024-09-08T21:38:12","modified_gmt":"2024-09-08T19:38:12","slug":"chaticka-vybaveni","status":"publish","type":"page","link":"https:\/\/ucernehoberana.cz\/index.php\/chaticka-vybaveni\/","title":{"rendered":"Chata &#8211; vybaven\u00ed"},"content":{"rendered":"\n<p><strong>Dva ob\u00fdvac\u00ed pokoje<\/strong>, kde V\u00e1m jsou k dispozici<\/p>\n\n\n\n<ul class=\"wp-block-list\">\n<li>krbov\u00e1 kamna, kter\u00e1 hlavn\u011b v zimn\u00edch m\u011bs\u00edc\u00edch zah\u0159ej\u00ed a velmi p\u0159\u00edjemn\u011b se u nich sed\u00ed<\/li>\n\n\n\n<li>v ka\u017ed\u00e9m televizor<\/li>\n\n\n\n<li>r\u00e1dio<\/li>\n<\/ul>\n\n\n\n<p><strong>Dv\u011b Kuchyn\u011b<\/strong>, k&nbsp;dispozici je ve\u0161ker\u00e9 n\u00e1dob\u00ed, sklo, p\u0159\u00edbory, no\u017ee a dal\u0161\u00ed<\/p>\n\n\n\n<ul class=\"wp-block-list\">\n<li>my\u010dka<\/li>\n\n\n\n<li>3x lednice (dv\u011b mal\u00e9, jedna velk\u00e1)<\/li>\n\n\n\n<li>pra\u010dka<\/li>\n\n\n\n<li>mikrovlnn\u00e1 trouba<\/li>\n\n\n\n<li>dv\u011b klasick\u00e9 trouby<\/li>\n\n\n\n<li>dva \u010dty\u0159 plot\u00fdnkov\u00e9 va\u0159i\u010de (elektrick\u00fd a plynov\u00fd)<\/li>\n<\/ul>\n\n\n\n<p><strong>H\u0159i\u0161t\u011b<\/strong><\/p>\n\n\n\n<p>Vybudovali jsme pro Va\u0161e sportovn\u00ed vy\u017eit\u00ed multifunk\u010dn\u00ed h\u0159ist\u011b p\u0159\u00edmo nad chalupou. Jeho sou\u010d\u00e1st\u00ed je s\u00ed\u0165 pro hran\u00ed volejbalu, nohejbalu, p\u0159\u00edpadn\u011b rekrea\u010dn\u00edho tenisu. V rohu h\u0159i\u0161t\u011b je pro V\u00e1s p\u0159ipraveno posezen\u00ed s grilem. Na h\u0159i\u0161ti je tak\u00e9 4m trampol\u00edna, kterou jist\u011b ocen\u00ed p\u0159edev\u0161\u00edm d\u011bti. Posezen\u00ed na h\u0159i\u0161ti je striktn\u011b pro n\u00e1v\u0161t\u011bvn\u00edky chalupy. H\u0159i\u0161t\u011b je sd\u00edlen\u00e9 stejn\u011b jako ostatn\u00ed vybaven\u00ed are\u00e1lu.<\/p>\n\n\n\n<p>Vybaven\u00ed h\u0159i\u0161t\u011b :<\/p>\n\n\n\n<ul class=\"wp-block-list\">\n<li>s\u00ed\u0165 pro mnoho sport\u016f<\/li>\n\n\n\n<li>posezen\u00ed s grilem a ve\u010dern\u00edm osv\u011btlen\u00edm<\/li>\n\n\n\n<li>5m trampol\u00edna<\/li>\n\n\n\n<li>d\u011btsk\u00fd koutek s p\u00edskovi\u0161t\u011b<\/li>\n<\/ul>\n\n\n\n<p><strong>Baz\u00e9n, v\u00ed\u0159ivky a sauna<\/strong><\/p>\n\n\n\n<p>V are\u00e1lu je k dispozici baz\u00e9n. Tento baz\u00e9n je sd\u00edlen\u00fd s ostatn\u00edmi hosty ubytovan\u00fdmi v are\u00e1lu. V\u00ed\u0159ivky a sauna m\u00e1 vlastn\u00ed, intern\u00ed, rezerva\u010dn\u00ed syst\u00e9m a je mo\u017en\u00e9 si je online na m\u00edst\u011b objednat na konkretn\u00ed hodinu. Zpoplatn\u011bn\u00ed jednotliv\u00fdch slu\u017eeb je uvedeno v cen\u00edku.<\/p>\n\n\n\n<p><\/p>\n\n\n\nngg_shortcode_0_placeholder\n","protected":false},"excerpt":{"rendered":"<p>Dva ob\u00fdvac\u00ed pokoje, kde V\u00e1m jsou k dispozici Dv\u011b Kuchyn\u011b, k&nbsp;dispozici je ve\u0161ker\u00e9 n\u00e1dob\u00ed, sklo, p\u0159\u00edbory, no\u017ee a dal\u0161\u00ed H\u0159i\u0161t\u011b Vybudovali jsme pro Va\u0161e sportovn\u00ed vy\u017eit\u00ed multifunk\u010dn\u00ed h\u0159ist\u011b p\u0159\u00edmo nad<\/p>\n","protected":false},"author":1,"featured_media":0,"parent":0,"menu_order":0,"comment_status":"closed","ping_status":"closed","template":"","meta":{"ngg_post_thumbnail":0,"footnotes":""},"class_list":["post-416","page","type-page","status-publish","hentry"],"_links":{"self":[{"href":"https:\/\/ucernehoberana.cz\/index.php\/wp-json\/wp\/v2\/pages\/416"}],"collection":[{"href":"https:\/\/ucernehoberana.cz\/index.php\/wp-json\/wp\/v2\/pages"}],"about":[{"href":"https:\/\/ucernehoberana.cz\/index.php\/wp-json\/wp\/v2\/types\/page"}],"author":[{"embeddable":true,"href":"https:\/\/ucernehoberana.cz\/index.php\/wp-json\/wp\/v2\/users\/1"}],"replies":[{"embeddable":true,"href":"https:\/\/ucernehoberana.cz\/index.php\/wp-json\/wp\/v2\/comments?post=416"}],"version-history":[{"count":5,"href":"https:\/\/ucernehoberana.cz\/index.php\/wp-json\/wp\/v2\/pages\/416\/revisions"}],"predecessor-version":[{"id":744,"href":"https:\/\/ucernehoberana.cz\/index.php\/wp-json\/wp\/v2\/pages\/416\/revisions\/744"}],"wp:attachment":[{"href":"https:\/\/ucernehoberana.cz\/index.php\/wp-json\/wp\/v2\/media?parent=416"}],"curies":[{"name":"wp","href":"https:\/\/api.w.org\/{rel}","templated":true}]}}