{"id":396,"date":"2019-01-05T19:08:28","date_gmt":"2019-01-05T18:08:28","guid":{"rendered":"http:\/\/ucernehoberana.cz\/?page_id=396"},"modified":"2019-09-10T13:16:48","modified_gmt":"2019-09-10T11:16:48","slug":"chaticka-fotogalerie","status":"publish","type":"page","link":"https:\/\/ucernehoberana.cz\/index.php\/chaticka-fotogalerie\/","title":{"rendered":"Chata  &#8211; fotogalerie"},"content":{"rendered":"\n<p>N\u00ed\u017ee je pro V\u00e1s p\u0159ipravena fotogalerie.<\/p>\n\n\n\n<p><\/p>\n\n\n\nngg_shortcode_0_placeholder\n","protected":false},"excerpt":{"rendered":"<p>N\u00ed\u017ee je pro V\u00e1s p\u0159ipravena fotogalerie.<\/p>\n","protected":false},"author":1,"featured_media":0,"parent":0,"menu_order":0,"comment_status":"closed","ping_status":"closed","template":"","meta":{"ngg_post_thumbnail":0,"footnotes":""},"class_list":["post-396","page","type-page","status-publish","hentry"],"_links":{"self":[{"href":"https:\/\/ucernehoberana.cz\/index.php\/wp-json\/wp\/v2\/pages\/396"}],"collection":[{"href":"https:\/\/ucernehoberana.cz\/index.php\/wp-json\/wp\/v2\/pages"}],"about":[{"href":"https:\/\/ucernehoberana.cz\/index.php\/wp-json\/wp\/v2\/types\/page"}],"author":[{"embeddable":true,"href":"https:\/\/ucernehoberana.cz\/index.php\/wp-json\/wp\/v2\/users\/1"}],"replies":[{"embeddable":true,"href":"https:\/\/ucernehoberana.cz\/index.php\/wp-json\/wp\/v2\/comments?post=396"}],"version-history":[{"count":2,"href":"https:\/\/ucernehoberana.cz\/index.php\/wp-json\/wp\/v2\/pages\/396\/revisions"}],"predecessor-version":[{"id":610,"href":"https:\/\/ucernehoberana.cz\/index.php\/wp-json\/wp\/v2\/pages\/396\/revisions\/610"}],"wp:attachment":[{"href":"https:\/\/ucernehoberana.cz\/index.php\/wp-json\/wp\/v2\/media?parent=396"}],"curies":[{"name":"wp","href":"https:\/\/api.w.org\/{rel}","templated":true}]}}