{"id":276,"date":"2019-01-05T17:55:35","date_gmt":"2019-01-05T16:55:35","guid":{"rendered":"http:\/\/ucernehoberana.cz\/?page_id=276"},"modified":"2022-02-09T15:11:06","modified_gmt":"2022-02-09T14:11:06","slug":"o-nas","status":"publish","type":"page","link":"https:\/\/ucernehoberana.cz\/index.php\/o-nas\/","title":{"rendered":"O n\u00e1s"},"content":{"rendered":"\n<p>Jsme rodinn\u00fd are\u00e1l. Pokus\u00edme se pro V\u00e1s p\u0159ipravit takov\u00e9 z\u00e1zem\u00ed, aby se V\u00e1m u n\u00e1s l\u00edbilo. Na\u0161\u00edm hlavn\u00edm c\u00edlem je spokojenost klienta, a proto se pokus\u00edme splnit v\u0161echna Va\u0161e p\u0159\u00e1n\u00ed.<\/p>\n\n\n\n<p><\/p>\n\n\n\n<p><\/p>\n\n\n\n<p><\/p>\n\n\n\n<p><\/p>\n","protected":false},"excerpt":{"rendered":"<p>Jsme rodinn\u00fd are\u00e1l. Pokus\u00edme se pro V\u00e1s p\u0159ipravit takov\u00e9 z\u00e1zem\u00ed, aby se V\u00e1m u n\u00e1s l\u00edbilo. Na\u0161\u00edm hlavn\u00edm c\u00edlem je spokojenost klienta, a proto se pokus\u00edme splnit v\u0161echna Va\u0161e p\u0159\u00e1n\u00ed.<\/p>\n","protected":false},"author":1,"featured_media":0,"parent":0,"menu_order":0,"comment_status":"closed","ping_status":"closed","template":"","meta":{"ngg_post_thumbnail":0,"footnotes":""},"class_list":["post-276","page","type-page","status-publish","hentry"],"_links":{"self":[{"href":"https:\/\/ucernehoberana.cz\/index.php\/wp-json\/wp\/v2\/pages\/276"}],"collection":[{"href":"https:\/\/ucernehoberana.cz\/index.php\/wp-json\/wp\/v2\/pages"}],"about":[{"href":"https:\/\/ucernehoberana.cz\/index.php\/wp-json\/wp\/v2\/types\/page"}],"author":[{"embeddable":true,"href":"https:\/\/ucernehoberana.cz\/index.php\/wp-json\/wp\/v2\/users\/1"}],"replies":[{"embeddable":true,"href":"https:\/\/ucernehoberana.cz\/index.php\/wp-json\/wp\/v2\/comments?post=276"}],"version-history":[{"count":6,"href":"https:\/\/ucernehoberana.cz\/index.php\/wp-json\/wp\/v2\/pages\/276\/revisions"}],"predecessor-version":[{"id":659,"href":"https:\/\/ucernehoberana.cz\/index.php\/wp-json\/wp\/v2\/pages\/276\/revisions\/659"}],"wp:attachment":[{"href":"https:\/\/ucernehoberana.cz\/index.php\/wp-json\/wp\/v2\/media?parent=276"}],"curies":[{"name":"wp","href":"https:\/\/api.w.org\/{rel}","templated":true}]}}