{"id":261,"date":"2018-04-17T16:01:36","date_gmt":"2018-04-17T14:01:36","guid":{"rendered":"http:\/\/ucernehoberana.cz\/?page_id=261"},"modified":"2025-03-06T06:40:00","modified_gmt":"2025-03-06T05:40:00","slug":"chaticka-rezervace","status":"publish","type":"page","link":"https:\/\/ucernehoberana.cz\/index.php\/chaticka-rezervace\/","title":{"rendered":"Chata &#8211; rezervace (10 osob)"},"content":{"rendered":"<p><strong>Postup pro rezervaci term\u00ednu &#8211; m\u00e1te n\u011bkolik mo\u017enost\u00ed<\/strong><\/p>\n<ol>\n<li>Vyu\u017eijte online rezervaci n\u00ed\u017ee. D\u00e1l\u00e9 n\u00e1s m\u016f\u017eete kontaktovat na emailov\u00e9 adrese info@ucernehoberana.cz, nebo telefonn\u00edm kontaktu uveden\u00fdch zde na str\u00e1nk\u00e1ch. Do emailu v\u017edy uve\u010fte o jakou chatu se jedn\u00e1, term\u00edn Va\u0161\u00ed nav\u0161t\u011bvy, telefonn\u00ed kontakt a po\u010det osob. V p\u0159\u00edpad\u011b, \u017ee chcete do z\u00e1lohov\u00e9 faktury uv\u00e9st p\u0159esn\u00e9 \u00fadaje, nezapome\u0148te je uv\u00e9st.<\/li>\n<li>Potvrzen\u00ed term\u00ednu Va\u0161eho p\u0159\u00edjezdu a odjezdu a cen\u011b za pron\u00e1jem chaty.<\/li>\n<li>Po\u0161lete n\u00e1m na n\u00e1\u0161 \u00fa\u010det z\u00e1lohu, kterou z\u00e1vazn\u011b zarezervujete chatu (polovina n\u00e1jmu) na z\u00e1klad\u011b vystaven\u00e9 faktury.<\/li>\n<li>P\u0159ed p\u0159\u00edjezdem se spoj\u00edme, potvrd\u00edme a dohodneme se na detailech Va\u0161eho p\u0159\u00edjezdu (\u010das a ev. vyu\u017eit\u00e9 n\u011bkter\u00fdch slu\u017eeb)<\/li>\n<li>P\u0159i Va\u0161em p\u0159\u00edjezdu podep\u00ed\u0161eme Smlouvu o pron\u00e1jmu chaty na V\u00e1mi vybran\u00fd term\u00edn a doplat\u00edte cenu pron\u00e1jmu a vratnou kauci.Toto d\u00edlo ukazuje autor\u016fv jedine\u010dn\u00fd pohled a styl.\n<\/li>\n<li>P\u0159i odjezdu zaplat\u00edte cenu za spot\u0159ebovanou elektrickou energii a bude V\u00e1m vr\u00e1cena vratn\u00e1 kauce&nbsp;<\/li>\n<\/ol>\n<p><strong>Online rezervace Chata U \u010cern\u00e9ho Berana &#8211; potvrzen\u00ed do n\u011bkolika hodin<\/strong><\/p>\n<p><strong>Pod\u00edvejte se, zda je ve V\u00e1mi po\u017eadovan\u00e9m term\u00ednu volno :<\/strong><\/p>\n<p><iframe loading=\"lazy\" style=\"border-width: 0;\" src=\"https:\/\/calendar.google.com\/calendar\/embed?showTitle=0&amp;showPrint=0&amp;showTabs=0&amp;showCalendars=0&amp;showTz=0&amp;height=420&amp;wkst=2&amp;bgcolor=%23FFFFFF&amp;src=gglmn1ov9pfg0n807d75ftm438%40group.calendar.google.com&amp;color=%23711616&amp;src=o27bv059rovrt4g9qgi8r0ice0%40group.calendar.google.com&amp;color=%230F4B38&amp;ctz=Europe%2FPrague\" width=\"800\" height=\"420\" frameborder=\"0\" scrolling=\"no\"><\/iframe><\/p>\n<p><strong>Pak term\u00edm vyberte v rezerva\u010dn\u00edm kalend\u00e1\u0159i a zarezervujte ho :<\/strong><\/p>\n<p>[booking type=5 nummonths=2]<\/p>\n","protected":false},"excerpt":{"rendered":"<p>Postup pro rezervaci term\u00ednu &#8211; m\u00e1te n\u011bkolik mo\u017enost\u00ed Vyu\u017eijte online rezervaci n\u00ed\u017ee. D\u00e1l\u00e9 n\u00e1s m\u016f\u017eete kontaktovat na emailov\u00e9 adrese info@ucernehoberana.cz, nebo telefonn\u00edm kontaktu uveden\u00fdch zde na str\u00e1nk\u00e1ch. Do emailu v\u017edy<\/p>\n","protected":false},"author":1,"featured_media":0,"parent":0,"menu_order":0,"comment_status":"closed","ping_status":"closed","template":"","meta":{"ngg_post_thumbnail":0,"footnotes":""},"class_list":["post-261","page","type-page","status-publish","hentry"],"_links":{"self":[{"href":"https:\/\/ucernehoberana.cz\/index.php\/wp-json\/wp\/v2\/pages\/261"}],"collection":[{"href":"https:\/\/ucernehoberana.cz\/index.php\/wp-json\/wp\/v2\/pages"}],"about":[{"href":"https:\/\/ucernehoberana.cz\/index.php\/wp-json\/wp\/v2\/types\/page"}],"author":[{"embeddable":true,"href":"https:\/\/ucernehoberana.cz\/index.php\/wp-json\/wp\/v2\/users\/1"}],"replies":[{"embeddable":true,"href":"https:\/\/ucernehoberana.cz\/index.php\/wp-json\/wp\/v2\/comments?post=261"}],"version-history":[{"count":16,"href":"https:\/\/ucernehoberana.cz\/index.php\/wp-json\/wp\/v2\/pages\/261\/revisions"}],"predecessor-version":[{"id":755,"href":"https:\/\/ucernehoberana.cz\/index.php\/wp-json\/wp\/v2\/pages\/261\/revisions\/755"}],"wp:attachment":[{"href":"https:\/\/ucernehoberana.cz\/index.php\/wp-json\/wp\/v2\/media?parent=261"}],"curies":[{"name":"wp","href":"https:\/\/api.w.org\/{rel}","templated":true}]}}