{"id":193,"date":"2018-04-13T14:10:52","date_gmt":"2018-04-13T12:10:52","guid":{"rendered":"http:\/\/ucernehoberana.cz\/?page_id=193"},"modified":"2024-09-08T21:37:16","modified_gmt":"2024-09-08T19:37:16","slug":"casto-kladene-otazky-a-odpovedi","status":"publish","type":"page","link":"https:\/\/ucernehoberana.cz\/index.php\/casto-kladene-otazky-a-odpovedi\/","title":{"rendered":"\u010casto kladen\u00e9 ot\u00e1zky a odpov\u011bdi"},"content":{"rendered":"<p>&nbsp;<\/p>\n<p>Na t\u00e9to str\u00e1nce jsme se pokusili zodpov\u011bd\u011bt \u010dasto kladen\u00e9 ot\u00e1zky na\u0161ich host\u016f.<\/p>\n<p><strong>Pronaj\u00edmaj\u00ed se chaty jako celek a budeme na chat\u011b sami?<\/strong><\/p>\n<p>Ano, chaty se pronaj\u00edmaj\u00ed v\u017edy jako cel\u00fd objekt a s nik\u00fdm dal\u0161\u00edm je ji\u017e sd\u00edlet nebudete. V are\u00e1lu bydl\u00ed majitel\u00e9 (ne v chat\u00e1ch), kte\u0159\u00ed se staraj\u00ed o okol\u00ed a jsou k dispozici, kdyby se n\u011bco pokazilo.<\/p>\n<p><strong>Budu m\u00edt baz\u00e9n jen pro sebe?<\/strong><\/p>\n<p>Baz\u00e9n a multifunk\u010dn\u00ed h\u0159i\u0161t\u011b je sd\u00edlen\u00e9 pro cel\u00fd are\u00e1l U \u010cern\u00e9ho Berana. Tedy pro ob\u011b chaty.<\/p>\n<p><strong>Jak daleko je autobusov\u00e1 zast\u00e1vka? Jak se na chatu dostanu?<\/strong><\/p>\n<p>Autobusov\u00e1 zast\u00e1vka je vzd\u00e1lena cca 1 km. Je na Doln\u00ed \u010cern\u00e9 Studnici, odkud se d\u00e1 na chatu doj\u00edt p\u011b\u0161ky. Nejlep\u0161\u00ed je se na chatu vydat autem. Sou\u010d\u00e1st\u00ed are\u00e1lu je prostorn\u00e9 parkovi\u0161t\u011b, kter\u00e9 je pro ubytovan\u00e9 zdarma. V zimn\u00edch m\u011bs\u00edc\u00edch se cesta na chaty pouze pluhuje, proto doporu\u010dujeme m\u00edt s sebou sn\u011bhov\u00e9 \u0159et\u011bzy.<\/p>\n<p><strong>Mohu si s sebou vz\u00edt sv\u00e9ho dom\u00e1c\u00edho mazl\u00ed\u010dka?<\/strong><\/p>\n<p>Domac\u00ed mazl\u00ed\u010dci jsou povoleni po konzultaci s majitelem chat p\u0159i rezervaci objektu. Cena za ubytov\u00e1n\u00ed dom\u00e1c\u00edho mazl\u00ed\u010dka je dle platn\u00e9ho cen\u00edku.<\/p>\n<p><strong>Kdy mohu na chatu p\u0159ijet a kdy se odj\u00ed\u017ed\u00ed?<\/strong><\/p>\n<p>Na tomto term\u00ednu se dohodneme konkr\u00e9tn\u011b telefonicky. Zpravidla je p\u0159\u00edjezd kolem 16:00-17:00 a odjezd do 10:00.<\/p>\n<p><strong>Jak se na chat\u00e1ch top\u00ed? Budu je\u0161t\u011b n\u011bco dopl\u00e1cet?<\/strong><\/p>\n<p>Na chat\u00e1ch se top\u00ed kombinac\u00ed elektrick\u00e9ho topen\u00ed, LTO kotle a krbov\u00fdch kamen s v\u00fdm\u011bn\u00edkem. V cen\u011b pron\u00e1jmu je topen\u00ed ji\u017e zahrnuto.<\/p>\n<p><strong>Mus\u00ed se chata ukl\u00edzet p\u0159i odjezdu?<\/strong><\/p>\n<p>Chatu p\u0159ed\u00e1v\u00e1te ve stavu, ve kter\u00e9m jste ho p\u0159evzali. Chatu je nutn\u00e9 uklidit, ale nep\u0159edpokl\u00e1d\u00e1 se dokonal\u00fd \u00faklid. (ide\u00e1ln\u011b vyluxovat, zam\u00e9st, vyt\u0159\u00edt a um\u00fdt po sob\u011b pou\u017eit\u00e9 n\u00e1dob\u00ed). V\u017edy po odjezdu nastupuje \u00faklidov\u00e1 spole\u010dnost, kter\u00e1 chatu uvede do 100% stavu pro p\u0159\u00edjezd dal\u0161\u00edch host\u00ed.<\/p>\n<p><strong>Jak se nakl\u00e1d\u00e1 s odpady?<\/strong><\/p>\n<p>Jsme \u0161etrn\u00ed k p\u0159\u00edrod\u011b kolem n\u00e1s a odpady t\u0159\u00edd\u00edme. Dostanete od n\u00e1s dostatek pytl\u016f pro rozt\u0159\u00edd\u011bn\u00ed plast\u016f\/skla\/pap\u00edru.&nbsp;<\/p>\n\n\n<p><\/p>\n","protected":false},"excerpt":{"rendered":"<p>&nbsp; Na t\u00e9to str\u00e1nce jsme se pokusili zodpov\u011bd\u011bt \u010dasto kladen\u00e9 ot\u00e1zky na\u0161ich host\u016f. Pronaj\u00edmaj\u00ed se chaty jako celek a budeme na chat\u011b sami? Ano, chaty se pronaj\u00edmaj\u00ed v\u017edy jako cel\u00fd<\/p>\n","protected":false},"author":1,"featured_media":0,"parent":0,"menu_order":0,"comment_status":"closed","ping_status":"closed","template":"","meta":{"ngg_post_thumbnail":0,"footnotes":""},"class_list":["post-193","page","type-page","status-publish","hentry"],"_links":{"self":[{"href":"https:\/\/ucernehoberana.cz\/index.php\/wp-json\/wp\/v2\/pages\/193"}],"collection":[{"href":"https:\/\/ucernehoberana.cz\/index.php\/wp-json\/wp\/v2\/pages"}],"about":[{"href":"https:\/\/ucernehoberana.cz\/index.php\/wp-json\/wp\/v2\/types\/page"}],"author":[{"embeddable":true,"href":"https:\/\/ucernehoberana.cz\/index.php\/wp-json\/wp\/v2\/users\/1"}],"replies":[{"embeddable":true,"href":"https:\/\/ucernehoberana.cz\/index.php\/wp-json\/wp\/v2\/comments?post=193"}],"version-history":[{"count":6,"href":"https:\/\/ucernehoberana.cz\/index.php\/wp-json\/wp\/v2\/pages\/193\/revisions"}],"predecessor-version":[{"id":743,"href":"https:\/\/ucernehoberana.cz\/index.php\/wp-json\/wp\/v2\/pages\/193\/revisions\/743"}],"wp:attachment":[{"href":"https:\/\/ucernehoberana.cz\/index.php\/wp-json\/wp\/v2\/media?parent=193"}],"curies":[{"name":"wp","href":"https:\/\/api.w.org\/{rel}","templated":true}]}}