{"id":184,"date":"2018-04-13T13:57:04","date_gmt":"2018-04-13T11:57:04","guid":{"rendered":"http:\/\/ucernehoberana.cz\/?page_id=184"},"modified":"2019-09-10T12:42:07","modified_gmt":"2019-09-10T10:42:07","slug":"chata-vybaveni","status":"publish","type":"page","link":"https:\/\/ucernehoberana.cz\/index.php\/chata-vybaveni\/","title":{"rendered":"Chalupa &#8211; vybaven\u00ed"},"content":{"rendered":"<p><strong>Spole\u010densk\u00e1 m\u00edstnost<\/strong>:<\/p>\n<ul>\n<li>prostorn\u00e1 pohovka s k\u0159eslem a taburetem<\/li>\n<li>j\u00eddeln\u00ed kout<\/li>\n<li>kule\u010dn\u00edk<\/li>\n<li>\u0161ipky<\/li>\n<li>stoln\u00ed fotbal<\/li>\n<li>bar v\u010detn\u011b p\u0159ipraven\u00e9ho v\u00fd\u010depn\u00edho za\u0159\u00edzen\u00ed (dle dohody mo\u017en\u00e9 zakoupen\u00ed a instalace sudu dle v\u00fdb\u011bru)<\/li>\n<li>krbov\u00e1 kamna, kter\u00e1 hlavn\u011b v zimn\u00edch m\u011bs\u00edch zah\u0159ej\u00ed a velmi p\u0159ijemn\u011b se u nich sed\u00ed<\/li>\n<li>televizor<\/li>\n<li>miniv\u011b\u017e<\/li>\n<li>d\u011btsk\u00fd koutek<\/li>\n<\/ul>\n<p><strong>Kuchy\u0148:<\/strong><\/p>\n<ul>\n<li>n\u00e1dob\u00ed, sklo, p\u0159\u00edbory, no\u017ee, dal\u0161\u00ed kuchy\u0148sk\u00e9 vybaven\u00ed<\/li>\n<li>my\u010dka<\/li>\n<li>3x lednice (dv\u011b velk\u00e9, jedna mal\u00e1)<\/li>\n<li>pra\u010dka<\/li>\n<li>mikrovln\u00e1 trouba<\/li>\n<li>klasick\u00e1 trouba<\/li>\n<li>dv\u00e9 \u010dty\u0159plot\u00fdnkov\u00e9, plynov\u00e9 desky<\/li>\n<li>toustova\u010d<\/li>\n<li>p\u00edpa na p\u0159ipojen\u00ed max 3 sud\u016f<\/li>\n<li>2x rychlovarn\u00e1 konvice<\/li>\n<\/ul>\n<p><strong>Multifunk\u010dn\u00ed h\u0159i\u0161t\u011b:<\/strong><\/p>\n<ul>\n<li>p\u0159\u00edmo nad Chatou<\/li>\n<li>s\u00ed\u0165 na hran\u00ed volejbalu, nohejbalu, p\u0159\u00edpadn\u011b rekrea\u010dn\u00edho tenisu<\/li>\n<li>posezen\u00ed s grilem a ve\u010dern\u00edm osv\u011btlen\u00edm v\u00fdhradn\u011b pro n\u00e1v\u0161t\u011bvn\u00edky chalupy<\/li>\n<li>5 m trampol\u00edna pro d\u011bti<\/li>\n<li>houpa\u010dka pro men\u0161\u00ed a v\u011bt\u0161\u00ed d\u011bti<\/li>\n<li>d\u011btsk\u00e9 p\u00edskovi\u0161t\u011b s lavi\u010dkou<\/li>\n<li>ohni\u0161t\u011b s posezen\u00edm vedle h\u0159i\u0161t\u011b<\/li>\n<\/ul>\n<p>H\u0159i\u0161t\u011b je sd\u00edlen\u00e9 stejn\u011b jako ostatn\u00ed vybaven\u00ed are\u00e1lu.<\/p>\n<p><strong>Baz\u00e9n, v\u00ed\u0159ivky a sauna:<\/strong><\/p>\n<ul>\n<li>Velk\u00fd baz\u00e9n &#8211; 0.7m a 1,4m hlubok\u00fd<\/li>\n<li>Venkovn\u00ed v\u00ed\u0159ivka &#8211; Intex pro max 6 osob, vedle baz\u00e9nu<\/li>\n<li>Venkovn\u00ed sprcha<\/li>\n<li>Vnit\u0159n\u00ed v\u00ed\u0159ivka &#8211; sou\u010d\u00e1st\u00ed objektu b\u00fdval\u00e9ho penzionu &#8211; cca 30 m od objektu Chaty<\/li>\n<li>Sauna &#8211; sou\u010d\u00e1st\u00ed objektu b\u00fdval\u00e9ho penzionu &#8211; cca 30 m od objektu Chaty<\/li>\n<\/ul>\n<p>Baz\u00e9n je sd\u00edlen\u00fd s ostatn\u00edmi hosty ubytovan\u00fdmi v are\u00e1lu. V\u00ed\u0159ivky a sauna m\u00e1 vlastn\u00ed, intern\u00ed, rezerva\u010dn\u00ed syst\u00e9m a je mo\u017en\u00e9 si je online na m\u00edst\u011b objednat na konkretn\u00ed hodinu. Zpoplatn\u011bn\u00ed jednotliv\u00fdch slu\u017eeb je uvedeno v cen\u00edku.<\/p>\n<p>&nbsp;<\/p>\nngg_shortcode_0_placeholder\n","protected":false},"excerpt":{"rendered":"<p>Spole\u010densk\u00e1 m\u00edstnost: prostorn\u00e1 pohovka s k\u0159eslem a taburetem j\u00eddeln\u00ed kout kule\u010dn\u00edk \u0161ipky stoln\u00ed fotbal bar v\u010detn\u011b p\u0159ipraven\u00e9ho v\u00fd\u010depn\u00edho za\u0159\u00edzen\u00ed (dle dohody mo\u017en\u00e9 zakoupen\u00ed a instalace sudu dle v\u00fdb\u011bru) krbov\u00e1 kamna,<\/p>\n","protected":false},"author":1,"featured_media":0,"parent":0,"menu_order":0,"comment_status":"closed","ping_status":"closed","template":"","meta":{"ngg_post_thumbnail":0,"footnotes":""},"class_list":["post-184","page","type-page","status-publish","hentry"],"_links":{"self":[{"href":"https:\/\/ucernehoberana.cz\/index.php\/wp-json\/wp\/v2\/pages\/184"}],"collection":[{"href":"https:\/\/ucernehoberana.cz\/index.php\/wp-json\/wp\/v2\/pages"}],"about":[{"href":"https:\/\/ucernehoberana.cz\/index.php\/wp-json\/wp\/v2\/types\/page"}],"author":[{"embeddable":true,"href":"https:\/\/ucernehoberana.cz\/index.php\/wp-json\/wp\/v2\/users\/1"}],"replies":[{"embeddable":true,"href":"https:\/\/ucernehoberana.cz\/index.php\/wp-json\/wp\/v2\/comments?post=184"}],"version-history":[{"count":6,"href":"https:\/\/ucernehoberana.cz\/index.php\/wp-json\/wp\/v2\/pages\/184\/revisions"}],"predecessor-version":[{"id":587,"href":"https:\/\/ucernehoberana.cz\/index.php\/wp-json\/wp\/v2\/pages\/184\/revisions\/587"}],"wp:attachment":[{"href":"https:\/\/ucernehoberana.cz\/index.php\/wp-json\/wp\/v2\/media?parent=184"}],"curies":[{"name":"wp","href":"https:\/\/api.w.org\/{rel}","templated":true}]}}