{"id":181,"date":"2018-04-13T13:42:42","date_gmt":"2018-04-13T11:42:42","guid":{"rendered":"http:\/\/ucernehoberana.cz\/?page_id=181"},"modified":"2024-09-08T21:39:46","modified_gmt":"2024-09-08T19:39:46","slug":"chata-rozdeleni-pokoju","status":"publish","type":"page","link":"https:\/\/ucernehoberana.cz\/index.php\/chata-rozdeleni-pokoju\/","title":{"rendered":"Chalupa &#8211; rozd\u011blen\u00ed pokoj\u016f"},"content":{"rendered":"<p>&nbsp;<\/p>\n<p>Chalupa poskytuje mo\u017enost ubytov\u00e1n\u00ed pro 18 osob a 4 p\u0159ist\u00fdlky v \u0161esti pokoj\u00edch, ka\u017ed\u00fd s vlastn\u00edm soci\u00e1ln\u00edm za\u0159\u00edzen\u00edm a sprchov\u00fdm koutem. V p\u0159\u00edzem\u00ed se nach\u00e1z\u00ed pln\u011b vybaven\u00e1 kuchy\u0148, spole\u010densk\u00e1 m\u00edstnost, chodba a pokoj \u010d. 1. V prvn\u00edm pat\u0159e se nach\u00e1z\u00ed pokoj \u010d. 2. \u2013 6.<\/p>\n<p>Celkem je k dispozici 18 m\u00edst + 4 p\u0159ist\u00fdlky + d\u011btsk\u00e1 cestovn\u00ed post\u00fdlka.<\/p>\n<p><strong><span style=\"color: #003300;\">Rozd\u011blen\u00ed pokoj\u016f:<\/span><\/strong><\/p>\n<p>Pokoj \u010d. 1.: dvoul\u016f\u017ekov\u00fd s mo\u017enost\u00ed vyu\u017eit\u00ed rozkl\u00e1dac\u00edho gau\u010de a dal\u0161\u00edho gau\u010de (6 m\u00edst na span\u00ed)<\/p>\n<p>Pokoj \u010d. 2.: t\u0159\u00edl\u016f\u017ekov\u00fd<\/p>\n<p>Pokoj \u010d. 3.: \u010dty\u0159l\u016f\u017ekov\u00fd &#8211; u tohoto pokoje je terasa na z\u00e1padn\u00ed stranu (pln\u00e9 slunce od 12 hodin)<\/p>\n<p>Pokoj \u010d. 4.: t\u0159\u00edl\u016f\u017ekov\u00fd<\/p>\n<p>Pokoj \u010d. 5.: t\u0159\u00edl\u016f\u017ekov\u00fd<\/p>\n<p>Pokoj \u010d. 6.: t\u0159\u00edl\u016f\u017ekov\u00fd s balkonem<\/p>\n<p>\u208a d\u011btsk\u00e1 cestovn\u00ed post\u00fdlka s pln\u00fdm vybaven\u00edm<\/p>\n<p>&nbsp;<\/p>\n<p>&nbsp;<\/p>\nngg_shortcode_0_placeholder\n\n\n<p><\/p>\n","protected":false},"excerpt":{"rendered":"<p>&nbsp; Chalupa poskytuje mo\u017enost ubytov\u00e1n\u00ed pro 18 osob a 4 p\u0159ist\u00fdlky v \u0161esti pokoj\u00edch, ka\u017ed\u00fd s vlastn\u00edm soci\u00e1ln\u00edm za\u0159\u00edzen\u00edm a sprchov\u00fdm koutem. V p\u0159\u00edzem\u00ed se nach\u00e1z\u00ed pln\u011b vybaven\u00e1 kuchy\u0148, spole\u010densk\u00e1<\/p>\n","protected":false},"author":1,"featured_media":0,"parent":0,"menu_order":0,"comment_status":"closed","ping_status":"closed","template":"","meta":{"ngg_post_thumbnail":0,"footnotes":""},"class_list":["post-181","page","type-page","status-publish","hentry"],"_links":{"self":[{"href":"https:\/\/ucernehoberana.cz\/index.php\/wp-json\/wp\/v2\/pages\/181"}],"collection":[{"href":"https:\/\/ucernehoberana.cz\/index.php\/wp-json\/wp\/v2\/pages"}],"about":[{"href":"https:\/\/ucernehoberana.cz\/index.php\/wp-json\/wp\/v2\/types\/page"}],"author":[{"embeddable":true,"href":"https:\/\/ucernehoberana.cz\/index.php\/wp-json\/wp\/v2\/users\/1"}],"replies":[{"embeddable":true,"href":"https:\/\/ucernehoberana.cz\/index.php\/wp-json\/wp\/v2\/comments?post=181"}],"version-history":[{"count":5,"href":"https:\/\/ucernehoberana.cz\/index.php\/wp-json\/wp\/v2\/pages\/181\/revisions"}],"predecessor-version":[{"id":747,"href":"https:\/\/ucernehoberana.cz\/index.php\/wp-json\/wp\/v2\/pages\/181\/revisions\/747"}],"wp:attachment":[{"href":"https:\/\/ucernehoberana.cz\/index.php\/wp-json\/wp\/v2\/media?parent=181"}],"curies":[{"name":"wp","href":"https:\/\/api.w.org\/{rel}","templated":true}]}}